{"id":1990,"date":"2019-01-26T10:00:07","date_gmt":"2019-01-26T09:00:07","guid":{"rendered":"https:\/\/freedebierg.lu\/?page_id=1990"},"modified":"2019-01-26T10:00:08","modified_gmt":"2019-01-26T09:00:08","slug":"agb","status":"publish","type":"page","link":"https:\/\/www.freedebierg.lu\/?page_id=1990","title":{"rendered":"AGB"},"content":{"rendered":"<h2>Heffingen, Januar 2019<\/h2>\n<p><strong>A. Geltungsbereich<\/strong><br \/>\nI. Diese Gesch\u00e4ftsbedingungen gelten f\u00fcr alle Vertr\u00e4ge des B&amp;b Um Freedebierg<br \/>\n(nachfolgend \u201eHotel\u201c) mit dem Vertragspartner des Hotels (nachfolgend \u201eGast\u201c) \u00fcber die<br \/>\nmietweise \u00dcberlassung von Hotelzimmern zur Beherbergung sowie alle f\u00fcr den Gast zu<br \/>\nerbringenden weiteren Leistungen und Lieferungen des Hotels (Hotelaufnahmevertrag).<br \/>\nII. Diese Gesch\u00e4ftsbedingungen gelten ferner f\u00fcr Vertr\u00e4ge des Hotels mit dem Gast, die neben unter<br \/>\nA.I. genannten Leistungen auch von Dritten angebotene Sonderleistungen (z.B. die Organisation<br \/>\neines Freizeitprogramms durch den Besuch von sportlichen oder kulturellen Veranstaltungen)<br \/>\nbetreffen (Reisevertrag).<br \/>\nIII. Sofern dem Gast Konferenz- und Bankettr\u00e4ume zur Durchf\u00fchrung von Veranstaltungen \u00fcberlassen<br \/>\nwerden, gelten die gesonderten Allgemeinen Bedingungen des Hotels f\u00fcr Veranstaltungen.<br \/>\nIV. Gesch\u00e4ftsbedingungen des Gastes finden keine Anwendung, auch wenn das Hotel diesen nicht<br \/>\nausdr\u00fccklich widerspricht. Das Hotel widerspricht bereits jetzt etwaigen Gegenbest\u00e4tigungen des<br \/>\nGastes, in denen dieser auf seine Gesch\u00e4ftsbedingungen verweist.<\/p>\n<p><strong>B. Allgemeine Bedingungen<\/strong><br \/>\nI. Vertragsabschluss, Vertragspartner, \u00c4nderungen<br \/>\n1. Der Vertrag kommt durch die Annahme des Antrags des Gastes durch das Hotel zustande. Dem<br \/>\nHotel steht es frei, die Zimmerbuchung schriftlich zu best\u00e4tigen.<br \/>\n2. Bei der Buchung von mehr als zehn \u00dcbernachtungseinheiten (eine \u00dcbernachtungseinheit versteht<br \/>\nsich als ein Zimmer f\u00fcr eine Nacht), stellt das Hotel das Zustandekommen des Vertrages unter die<br \/>\naufschiebende Bedingung einer schriftlichen Best\u00e4tigung des Hotels.<br \/>\n3. Vertragspartner sind das Hotel und der Gast. Hat ein Dritter f\u00fcr den Gast bestellt, haftet er dem<br \/>\nHotel gegen\u00fcber zusammen mit dem Gast als Gesamtschuldner f\u00fcr alle Verpflichtungen aus dem<br \/>\nHotelaufnahmevertrag, sofern dem Hotel eine entsprechende Erkl\u00e4rung des Dritten vorliegt.<br \/>\n4. \u00c4nderungen oder Erg\u00e4nzungen des Vertrags, der Antragsannahme oder dieser<br \/>\nGesch\u00e4ftsbedingungen sollen schriftlich erfolgen. Einseitige \u00c4nderungen oder Erg\u00e4nzungen durch<br \/>\nden Gast sind unwirksam.<\/p>\n<p>II. Umfang der Nutzung der Zimmer, (Mit-)Nutzung durch Dritte<br \/>\n1. Das Hotel ist verpflichtet, die vom Gast gebuchten Zimmer bereitzuhalten und die vereinbarten<br \/>\nLeistungen zu erbringen. Der Gast erwirbt, soweit nicht etwas Anderes zwischen ihm und dem<br \/>\nHotel vereinbart ist, keinen Anspruch auf die Bereitstellung bestimmter Zimmer oder<br \/>\nR\u00e4umlichkeiten.<br \/>\n2. Gebuchte Zimmer stehen dem Gast ab 15.00 Uhr des vereinbarten Anreisetages zur Verf\u00fcgung. Der<br \/>\nGast hat keinen Anspruch auf fr\u00fchere Bereitstellung.<br \/>\n3. Am vereinbarten Abreisetag sind die Zimmer dem Hotel sp\u00e4testens um 11.00 Uhr ger\u00e4umt zur<br \/>\nVerf\u00fcgung zu stellen. Danach kann das Hotel \u00fcber den ihm dadurch entstehenden Schaden hinaus<br \/>\nf\u00fcr die zus\u00e4tzliche Nutzung des Zimmers bis 15.00 Uhr 40% des vollen Logispreises<br \/>\n(Listenpreises) in Rechnung stellen, ab 15.00 Uhr 100%, wobei es dem Gast jeweils frei steht, dem<br \/>\nHotel nachzuweisen, dass diesem kein oder ein wesentlich niedrigerer Schaden entstanden ist.<br \/>\n4. Die Unter- oder Weitervermietung des \u00fcberlassenen Zimmers bedarf der vorherigen schriftlichen<br \/>\nZustimmung des Hotels. Entsprechendes gilt f\u00fcr die Nutzung des \u00fcberlassenen Zimmers zu anderen<br \/>\nals Beherbergungszwecken.<br \/>\n5. Der Gast verpflichtet sich, f\u00fcr den Fall der (Mit-)Nutzung durch einen oder mehrere Dritte, das<br \/>\nHotel hier\u00fcber vorab zu informieren und die erforderliche Zustimmung des Hotels einzuholen. F\u00fcr<br \/>\naus einer Verletzung dieser Verpflichtung resultierende Sch\u00e4den hat der Gast \u2013 gegebenenfalls<br \/>\nneben dem Dritten \u2013 einzustehen.<br \/>\n6. Der Gast verpflichtet sich, f\u00fcr den Fall der (Mit-)Nutzung durch einen oder mehrere Dritte, f\u00fcr von<br \/>\ndem Dritten verursachte Sch\u00e4den einzustehen.<br \/>\n7. Sofern der Gast eine Buchung \u00fcber mehr als zehn Zimmer pro Tag aufgibt, hat er dem Hotel,<br \/>\nsoweit nichts anderes vereinbart ist, vierzehn Tage vor der Anreise eine gut lesbare Liste mit den<br \/>\nNamen der avisierten Personen zu \u00fcbermitteln. F\u00fcr etwaige aus einer Verletzung dieser<br \/>\nVerpflichtung folgende Nachteile des Gastes hat dieser ebenso einzustehen wie f\u00fcr etwaige daraus<br \/>\nfolgende Sch\u00e4den des Hotels.<\/p>\n<p>III. Preise, Zahlung, Aufrechnung, Abtretungsverbot<br \/>\n1. Der Gast ist verpflichtet, die f\u00fcr die Zimmer\u00fcberlassung und die f\u00fcr von ihm in Anspruch<br \/>\ngenommenen weiteren Leistungen geltenden bzw. vereinbarten Preise des Hotels zu zahlen. Dies<br \/>\ngilt auch f\u00fcr vom Gast veranlasste Leistungen und Auslagen des Hotels an Dritte.<br \/>\n2. Die vereinbarten Preise schlie\u00dfen die jeweilige gesetzliche Mehrwertsteuer ein. \u00dcberschreitet der<br \/>\nZeitraum zwischen Vertragsabschluss und Vertragserf\u00fcllung vier Monate und erh\u00f6ht sich der vom<br \/>\nHotel allgemein f\u00fcr derartige Leistungen berechnete Preis, insbesondere aufgrund eines Anstieges<br \/>\nder Lohnkosten, der Kosten des Betriebes des Hotels, so kann das Hotel den vertraglich<br \/>\nvereinbarten Preis angemessen, h\u00f6chstens jedoch um 15%, anheben.<br \/>\n3. Die Preise k\u00f6nnen vom Hotel ferner ge\u00e4ndert werden, wenn der Gast nachtr\u00e4glich \u00c4nderungen der<br \/>\nAnzahl der gebuchten Zimmer, der Leistung des Hotels oder der Aufenthaltsdauer w\u00fcnscht und das<br \/>\nHotel dem zustimmt.<br \/>\n4. Rechnungen des Hotels ohne F\u00e4lligkeitsdatum sind sofort ab Zugang der Rechnung ohne Abzug<br \/>\nzahlbar. Bei Zahlungsverzug ist das Hotel berechtigt, Zinsen in H\u00f6he von f\u00fcnf Prozentpunkten bzw.<br \/>\nim kaufm\u00e4nnischen Verkehr in H\u00f6he von acht Prozentpunkten \u00fcber dem jeweiligen Basiszinssatz<br \/>\nzu berechnen. Das Hotel ist ferner berechtigt, f\u00fcr die zweite und jede folgende Mahnung die<br \/>\nMahnkosten pauschaliert mit jeweils Euro 5 anzusetzen; dem Gast bleibt insoweit der Nachweis<br \/>\neines geringeren Schadens vorbehalten. Die Geltendmachung eines weitergehenden, vom Hotel<br \/>\nnachzuweisenden Schadens bleibt dem Hotel vorbehalten.<br \/>\n5. Die Zahlung mit Wechseln, Schecks, Devisen oder Kreditkarten bedarf der Zustimmung des<br \/>\nHotels. Gutscheine (Voucher) von Reiseveranstaltern werden vom Hotel nur akzeptiert, wenn das<br \/>\nHotel entsprechende Vereinbarungen mit dem jeweiligen Reiseveranstalter getroffen hat bzw. wenn<br \/>\nentsprechende Vorauszahlungen durch den Reiseveranstalter eingegangen sind.<br \/>\n6. Das Hotel ist berechtigt, bei Vertragsschluss oder danach eine angemessene Vorauszahlung oder<br \/>\nSicherheitsleistung zu verlangen. Die H\u00f6he der Vorauszahlung und die Zahlungstermine k\u00f6nnen im<br \/>\nVertrag schriftlich vereinbart werden.<br \/>\n7. Der Gast kann nur mit einer unstreitigen oder rechtskr\u00e4ftigen Forderung gegen\u00fcber einer Forderung<br \/>\ndes Hotels aufrechnen oder mindern.<br \/>\n8. Anspr\u00fcche des Gastes d\u00fcrfen nur mit Zustimmung des Hotels abgetreten werden.<\/p>\n<p>IV. R\u00fccktritt des Gastes (Abbestellung, Stornierung)<br \/>\n1. Ein R\u00fccktritt des Gastes von dem mit dem Hotel geschlossenen Vertrag bedarf der schriftlichen<br \/>\nZustimmung des Hotels. Erfolgt diese nicht, so ist der vereinbarte Preis aus dem Vertrag auch dann<br \/>\nzu zahlen, wenn der Gast die vertraglichen Leistungen nicht in Anspruch nimmt. Dies gilt nicht in<br \/>\nF\u00e4llen des Leistungsverzuges des Hotels oder einer von ihm zu vertretenden Unm\u00f6glichkeit der<br \/>\nLeistungserbringung.<br \/>\n2. Sofern zwischen dem Hotel und dem Gast ein Termin zum R\u00fccktritt vom Vertrag schriftlich<br \/>\nvereinbart wurde, kann der Gast bis zu diesem Zeitpunkt vom Vertrag zur\u00fccktreten, ohne Zahlungsoder<br \/>\nSchadensersatzanspr\u00fcche des Hotels auszul\u00f6sen. Das R\u00fccktrittsrecht des Gast erlischt, wenn<br \/>\ner nicht bis zum vereinbarten Termin sein Recht zum R\u00fccktritt schriftlich gegen\u00fcber dem Hotel<br \/>\naus\u00fcbt, sofern nicht ein Fall des Leistungsverzuges des Hotels oder eine von ihm zu vertretende<br \/>\nUnm\u00f6glichkeit der Leistungserbringung vorliegt.<br \/>\n3. Bei vom Gast nicht in Anspruch genommenen Zimmern hat das Hotel die Einnahmen aus<br \/>\nanderweitiger Vermietung der Zimmer sowie die eingesparten Aufwendungen anzurechnen.<br \/>\n4. Dem Hotel steht es frei, den durch eine Abbestellung bzw. Stornierung des Gastes entstehenden<br \/>\nund vom Gast zu ersetzenden Schaden zu pauschalieren, wobei dem Gast jeweils der Nachweis<br \/>\nfreisteht, dass kein Schaden entstanden oder der dem Hotel entstandene Schaden niedriger als die<br \/>\njeweils geforderte, nachfolgend aufgef\u00fchrte Pauschale sei.<br \/>\nDie vom Hotel aufgrund der entsprechenden Erfahrungss\u00e4tze des Hotels zugrunde gelegten Pauschalen sind:<br \/>\n&#8211; bei einer Stornierung im Zeitraum bis 2 Tage vor dem bei der Buchung<br \/>\nangegebenen Anreisedatum: kostenfrei,<br \/>\n&#8211; bei einer Stornierung im Zeitraum von weniger als 2 Tagen vor dem bei der Buchung<br \/>\nangegebenen Anreisedatum bis 18 Uhr des Anreisetages: 80 % des vereinbarten Reisepreises,<br \/>\n&#8211; bei einer Stornierung nach 18 Uhr des Anreisetages: 100 % des vereinbarten Reisepreises.<\/p>\n<p>AUSNAHMEREGELUNG<br \/>\nArrangements<br \/>\n&#8211; bei einer Stornierung im Zeitraum bis 7 Tage vor dem bei der Buchung angegebenen Anreisedatum: kostenfrei<\/p>\n<p>&#8211; bei einer Stornierung im Zeitraum bis 2 Tage vor dem bei der Buchung angegebenen Anreisedatum berechnen wir 80% des vereinbarten Reisepreises<br \/>\n&#8211; bei einer sp\u00e4teren Stornierung berechnen wir 100% des vereinbarten Reisepreises<\/p>\n<p>Feiertage und Arrangements in Verbindung mit Feiertagen<br \/>\n&#8211; bei einer Stornierung im Zeitraum bis 14 Tage vor dem bei der Buchung angegebenen Anreisedatum: kostenfrei<br \/>\n&#8211; bei einer Stornierung im Zeitraum bis 2 Tage vor dem bei der Buchung angegebenen Anreisedatum berechnen wir 80% des vereinbarten Reisepreises<br \/>\n&#8211; bei einer sp\u00e4teren Stornierung berechnen wir 100% des vereinbarten Reisepreises<\/p>\n<p>Bei Tagungen &amp; Veranstaltungen<br \/>\n&#8211;\u00a0einzelne Hotelzimmer k\u00f6nnen bis 2 Tage vor Anreise kostenfrei storniert werden<br \/>\n&#8211;\u00a0bei einer Stornierung im Zeitraum von weniger als 2 Tagen vor dem bei der Buchung angegebenen Anreisedatum bis 18 Uhr belasten wir 80 % des vereinbarten Zimmerpreises<br \/>\n&#8211;\u00a0bei einer Stornierung nach 18 Uhr am Anreisetages berechnen wir 100 % des vereinbarten Zimmerpreises<br \/>\n<em><br \/>\nF\u00fcr weitere Leistungen (z B. Vermietung von Veranstaltungsr\u00e4umen, Veranstaltungsarrangements, Tagungspauschalen, \u2026)<\/em><br \/>\n&#8211;\u00a0Bis zu 28 Tage vor Veranstaltungsbeginn k\u00f6nnen 100% kostenfrei storniert werden<br \/>\n&#8211;\u00a0Bis zu 14 Tage vor Veranstaltungsbeginn k\u00f6nnen 75% kostenfrei storniert werden<br \/>\n&#8211;\u00a0Bis zu 7 Tage vor Veranstaltungsbeginn k\u00f6nnen 50% kostenfrei storniert werden<br \/>\n&#8211;\u00a0Bis zu 2 Tage vor Veranstaltungsbeginn k\u00f6nnen 25% kostenfrei storniert werden<br \/>\n&#8211;\u00a0Bis Veranstaltungsbeginn ist keine kostenfreie Stornierung m\u00f6glich<\/p>\n<p>V. R\u00fccktritt des Hotels<br \/>\n1. Sofern ein R\u00fccktrittsrecht des Gast innerhalb einer bestimmten Frist schriftlich vereinbart wurde,<br \/>\nist das Hotel in diesem Zeitraum seinerseits berechtigt, vom Vertrag zur\u00fcckzutreten, wenn eine<br \/>\nAnfrage eines anderen Gastes nach dem gebuchten Zimmer vorliegt und der Gast auf R\u00fcckfrage<br \/>\ndes Hotels auf sein Recht zum R\u00fccktritt nicht verzichtet.<br \/>\n2. Wird eine vereinbarte Vorauszahlung auch nach Verstreichen einer vom Hotel gesetzten<br \/>\nangemessenen Nachfrist mit Ablehnungsandrohung nicht geleistet, so ist das Hotel ebenfalls zum<br \/>\nR\u00fccktritt vom Vertrag berechtigt.<br \/>\n3. Ferner ist das Hotel berechtigt, aus sachlich gerechtfertigtem Grund vom Vertrag au\u00dferordentlich<br \/>\nzur\u00fcckzutreten, beispielsweise<br \/>\n&#8211; falls h\u00f6here Gewalt oder andere vom Hotel nicht zu vertretende Umst\u00e4nde die Erf\u00fcllung des<br \/>\nVertrages unm\u00f6glich machen;<br \/>\n&#8211; Zimmer unter irref\u00fchrender oder falscher Angabe wesentlicher Tatsachen, z.B. in der Person des<br \/>\nGast oder des Zwecks, gebucht werden;<br \/>\n&#8211;\u00a0das Hotel begr\u00fcndeten Anlass zu der Annahme hat, dass die Inanspruchnahme der Hotelleistung<br \/>\nden reibungslosen Gesch\u00e4ftsbetrieb, die Sicherheit oder das Ansehen des Hotels in der<br \/>\n\u00d6ffentlichkeit gef\u00e4hrden kann, ohne dass dies dem Herrschafts- bzw. Organisationsbereich des<br \/>\nHotels zuzurechnen ist.<br \/>\n&#8211; ein Versto\u00df gegen B.II.4. oder B.II.5. vorliegt.<br \/>\n4. Das Hotel hat den Gast von der Aus\u00fcbung des R\u00fccktrittsrechts unverz\u00fcglich in Kenntnis zu setzen.<br \/>\n5. Bei berechtigtem R\u00fccktritt des Hotels entsteht kein Anspruch des Gastes auf Schadensersatz.<\/p>\n<p>VI. Haftung des Hotels<br \/>\n1. Das Hotel haftet f\u00fcr die Sorgfalt eines ordentlichen Kaufmanns. Diese Haftung ist jedoch \u2013 soweit<br \/>\nnicht VI.2. oder VI.3. einschl\u00e4gig sind \u2013 beschr\u00e4nkt auf Sch\u00e4den, Folgesch\u00e4den oder St\u00f6rungen, die<br \/>\nauf Vorsatz oder grobe Fahrl\u00e4ssigkeit des Hotels zur\u00fcckzuf\u00fchren sind. Sollten St\u00f6rungen oder<br \/>\nM\u00e4ngel an den Leistungen des Hotels auftreten, wird das Hotel bei Kenntnis oder auf<br \/>\nunverz\u00fcgliche R\u00fcge des Gastes hin bem\u00fcht sein, f\u00fcr Abhilfe zu sorgen. Der Gast ist verpflichtet,<br \/>\ndas ihm Zumutbare beizutragen, um die St\u00f6rung zu beheben und einen m\u00f6glichen Schaden gering<br \/>\nzu halten.<br \/>\n2. Im Falle der Verletzung von Leben, K\u00f6per oder Gesundheit haftet das Hotel auch f\u00fcr leichte<br \/>\nFahrl\u00e4ssigkeit, soweit die Verletzungshandlung vom Inhaber des Hotels, einem gesetzlichen<br \/>\nVertreters oder einem Erf\u00fcllungsgehilfen des Hotels verursacht wurde.<br \/>\n3. Im Falle der Verletzung von Vertragspflichten, die unverzichtbar sind, um das Vertragsziel zu<br \/>\nerreichen, haftet das Hotel auch f\u00fcr leichte Fahrl\u00e4ssigkeit, soweit die Verletzungshandlung vom<br \/>\nInhaber des Hotels, einem gesetzlichen Vertreter oder einem Erf\u00fcllungsgehilfen des Hotels<br \/>\nverursacht wurde. In diesen F\u00e4llen ist die Haftung auf vorhersehbare und unmittelbare Sch\u00e4den<br \/>\nund der H\u00f6he nach zudem auf Euro 125.000 f\u00fcr Personensch\u00e4den und auf Euro 5.000 f\u00fcr Sach- und<br \/>\nVerm\u00f6genssch\u00e4den beschr\u00e4nkt.<br \/>\n4. F\u00fcr eingebrachte Sachen haftet das Hotel dem Gast nach den gesetzlichen Bestimmungen, das ist<br \/>\nbis zum Hundertfachen des Zimmerpreises, h\u00f6chstens Euro 3.500, sowie f\u00fcr Geld und<br \/>\nWertgegenst\u00e4nde bis zu Euro 800. Geld und Wertgegenst\u00e4nde k\u00f6nnen bis zu einem H\u00f6chstwert von<br \/>\nEuro 2.500 im Hotel- oder Zimmersafe aufbewahrt werden. Das Hotel empfiehlt, von dieser<br \/>\nM\u00f6glichkeit Gebrauch zu machen. Die Haftungsanspr\u00fcche erl\u00f6schen, wenn nicht der Gast den<br \/>\nVerlust, die Zerst\u00f6rung oder die Besch\u00e4digung unverz\u00fcglich dem Hotel anzeigt (\u00a7 703 BGB).<br \/>\n5. Soweit dem Gast ein Stellplatz in der Hotelgarage oder auf einem Hotelparkplatz, auch gegen<br \/>\nEntgelt, zur Verf\u00fcgung gestellt wird, kommt dadurch kein Verwahrungsvertrag zustande. Bei<br \/>\nAbhandenkommen oder Besch\u00e4digung auf dem Hotelgrundst\u00fcck abgestellter oder rangierter<br \/>\nKraftfahrzeuge und deren Inhalte haftet das Hotel nur nach Ma\u00dfgabe von VI.1.und VI.2..<br \/>\n6. Weckauftr\u00e4ge werden vom Hotel mit gr\u00f6\u00dfter Sorgfalt ausgef\u00fchrt. Schadensersatzanspr\u00fcche, au\u00dfer<br \/>\nwegen grober Fahrl\u00e4ssigkeit oder Vorsatz, sind ausgeschlossen.<br \/>\n7. Nachrichten, Post und Warensendungen f\u00fcr die G\u00e4ste werden sorgf\u00e4ltig behandelt. Das Hotel<br \/>\n\u00fcbernimmt die Zustellung, Aufbewahrung und \u2013 auf Wunsch \u2013 gegen Entgelt die Nachsendung<br \/>\nderselben. Schadensersatzanspr\u00fcche, au\u00dfer wegen grober Fahrl\u00e4ssigkeit oder Vorsatz, sind<br \/>\nausgeschlossen.<br \/>\n8. Im Hotel zur\u00fcckgelassene Sachen des Gastes oder von Dritten werden vom Hotel auf Anfrage des<br \/>\nGastes bzw. des Dritten auf dessen Kosten und Risiko zur\u00fcckgesandt. Das Hotel bewahrt die<br \/>\nzur\u00fcckgelassenen Sachen zw\u00f6lf Monate auf. Die dadurch entstehenden Kosten fallen dem Gast zur<br \/>\nLast. Nach Ablauf von zw\u00f6lf Monaten werden die Sachen, sofern diese erkennbar werthaltig sind,<br \/>\ndem lokalen Fundb\u00fcro \u00fcbergeben. Eine Haftung des Hotels ist ausgeschlossen.<\/p>\n<p>VII. Erf\u00fcllungs- und Zahlungsort, Anwendbares Recht, Gerichtsstand, Nebenabreden, Folgen<br \/>\neiner Teilunwirksamkeit<br \/>\n1. Erf\u00fcllungs- und Zahlungsort ist sowohl f\u00fcr das Hotel als auch den Gast der Sitz des Hotels.<br \/>\n2. Es gilt deutsches Recht.<br \/>\n3. Ausschlie\u00dflicher Gerichtsstand &#8211; auch f\u00fcr Scheck- und Wechselstreitigkeiten &#8211; ist im<br \/>\nkaufm\u00e4nnischen Verkehr nach Wahl des Hotels der Sitz des Hotels. Sofern der Gast die<br \/>\nVoraussetzung des \u00a7 38 Absatz 1 ZPO erf\u00fcllt und keinen allgemeinen Gerichtsstand im Inland hat<br \/>\noder sein Wohnsitz zum Zeitpunkt der Klageerhebung nicht bekannt ist, ist Gerichtsstand auch<br \/>\nau\u00dferhalb des kaufm\u00e4nnischen Verkehrs nach Wahl des Hotels der Sitz des Hotels.<br \/>\n4. M\u00fcndliche oder schriftliche Nebenabreden sind nicht getroffen.<br \/>\n5. \u00c4nderungen oder Erg\u00e4nzungen bed\u00fcrfen zu ihrer Wirksamkeit der Schriftform, sofern nicht etwas<br \/>\nanderes zwischen dem Hotel und dem Gast m\u00fcndlich vereinbart worden ist.<br \/>\n6. Sollten einzelne Bestimmungen dieser Allgemeinen Gesch\u00e4ftsbedingungen unwirksam oder nichtig<br \/>\nsein oder werden, so wird dadurch die Wirksamkeit der \u00fcbrigen Bestimmungen nicht ber\u00fchrt. Das<br \/>\nHotel und der Gast werden die unwirksamen Bestimmungen unverz\u00fcglich durch solche ersetzen,<br \/>\ndie dem angestrebten Zweck und ihrer wirtschaftlichen Bedeutung m\u00f6glichst nahe kommen.<br \/>\nDasselbe gilt f\u00fcr den Fall, dass Regelungsl\u00fccken im Hotelaufnahme- bzw. Reisevertrag enthalten<br \/>\nsein sollten.<\/p>\n<p><strong>C. Besondere Bedingungen f\u00fcr Reisevertr\u00e4ge<\/strong><br \/>\nI. Werden vereinbarte und zur Verf\u00fcgung gestellte Leistungen vom Gast nicht Anspruch genommen,<br \/>\nist eine Herabsetzung des Gesamtentgeltes nicht zul\u00e4ssig.<br \/>\nII. Das Hotel haftet \u2013 entsprechend den Regelungen in B.VI. \u2013 nur f\u00fcr von ihm selbst oder in seinem<br \/>\nNamen und Auftrag erbrachte Sonderleistungen. Soweit die Sonderleistungen vom Dritten selbst<br \/>\nerbracht werden, hat das Hotel, soweit es nicht etwas Anderes mit dem Gast vereinbart hat, nicht<br \/>\nf\u00fcr die Erbringung dieser Sonderleistungen und im Zusammenhang damit entstehende Anspr\u00fcche<br \/>\ndes Gastes einzustehen.<\/p>\n<p><strong>D. Datenschutzerkl\u00e4rung<\/strong><\/p>\n<p>B&amp;B Um Freedebierg<br \/>\n9, Millewee<br \/>\nL-7653 Heffingen<br \/>\neMail:<\/p>\n<p>Die Datenschutzerkl\u00e4rung erstreckt sich auf das Erfassen und Verwenden pers\u00f6nlicher Daten, die bei Kontaktaufnahme unter Umst\u00e4nden erhoben werden, also beispielsweise dann, wenn Sie unsere Web-Site besuchen, wenn Sie Leistungen anfragen, buchen, erwerben oder wenn Sie uns anrufen.<\/p>\n<p>Ihre Pers\u00f6nlichkeitsrechte haben h\u00f6chste Priorit\u00e4t, und B&amp;B Um Freedebierg bem\u00fcht sich nach besten Kr\u00e4ften, diese Rechte zu sch\u00fctzen.<\/p>\n<p>S\u00e4mtliche \u00fcber diese Datenschutzerkl\u00e4rung allenfalls hinausgehenden weitergehenden datenschutzrechtlichen Verpflichtungen bleiben unber\u00fchrt.<\/p>\n","protected":false},"excerpt":{"rendered":"<p>Heffingen, Januar 2019 A. Geltungsbereich I. Diese Gesch\u00e4ftsbedingungen gelten f\u00fcr alle Vertr\u00e4ge des B&amp;b Um Freedebierg (nachfolgend \u201eHotel\u201c) mit dem Vertragspartner des Hotels (nachfolgend \u201eGast\u201c) \u00fcber die mietweise \u00dcberlassung von Hotelzimmern zur Beherbergung sowie alle f\u00fcr den Gast zu erbringenden weiteren Leistungen und Lieferungen des Hotels (Hotelaufnahmevertrag). II. Diese Gesch\u00e4ftsbedingungen gelten ferner f\u00fcr Vertr\u00e4ge des&hellip;<\/p>\n","protected":false},"author":1,"featured_media":0,"parent":0,"menu_order":0,"comment_status":"closed","ping_status":"closed","template":"","meta":{"_acf_changed":false,"footnotes":""},"class_list":["post-1990","page","type-page","status-publish","hentry"],"acf":[],"_links":{"self":[{"href":"https:\/\/www.freedebierg.lu\/index.php?rest_route=\/wp\/v2\/pages\/1990","targetHints":{"allow":["GET"]}}],"collection":[{"href":"https:\/\/www.freedebierg.lu\/index.php?rest_route=\/wp\/v2\/pages"}],"about":[{"href":"https:\/\/www.freedebierg.lu\/index.php?rest_route=\/wp\/v2\/types\/page"}],"author":[{"embeddable":true,"href":"https:\/\/www.freedebierg.lu\/index.php?rest_route=\/wp\/v2\/users\/1"}],"replies":[{"embeddable":true,"href":"https:\/\/www.freedebierg.lu\/index.php?rest_route=%2Fwp%2Fv2%2Fcomments&post=1990"}],"version-history":[{"count":2,"href":"https:\/\/www.freedebierg.lu\/index.php?rest_route=\/wp\/v2\/pages\/1990\/revisions"}],"predecessor-version":[{"id":1992,"href":"https:\/\/www.freedebierg.lu\/index.php?rest_route=\/wp\/v2\/pages\/1990\/revisions\/1992"}],"wp:attachment":[{"href":"https:\/\/www.freedebierg.lu\/index.php?rest_route=%2Fwp%2Fv2%2Fmedia&parent=1990"}],"curies":[{"name":"wp","href":"https:\/\/api.w.org\/{rel}","templated":true}]}}