{"id":74,"date":"2018-02-07T13:46:07","date_gmt":"2018-02-07T13:46:07","guid":{"rendered":"https:\/\/demo-content.kaliumtheme.com\/hotel\/?page_id=74"},"modified":"2025-01-28T17:12:58","modified_gmt":"2025-01-28T16:12:58","slug":"contact","status":"publish","type":"page","link":"https:\/\/www.freedebierg.lu\/?page_id=74","title":{"rendered":"Contact"},"content":{"rendered":"<div class=\"wpb-content-wrapper\"><p>[vc_row content_placement=&#8221;middle&#8221;][vc_column css_animation=&#8221;right-to-left&#8221; width=&#8221;1\/3&#8243; css=&#8221;.vc_custom_1523278009804{background-color: #f3ede4 !important;}&#8221; el_class=&#8221;contact-address&#8221;][vc_custom_heading text=&#8221;Stay at B&amp;B Um Freedebierg&#8221; use_theme_fonts=&#8221;yes&#8221;][vc_column_text]High class B&amp;B[\/vc_column_text][vc_column_text]<b>10 Minutes <\/b>from <strong>M\u00fcllerthal,\u00a0Petite Suisse<\/strong><\/p>\n<p><b>25 Minutes\u00a0<\/b>from\u00a0<strong>Luxembourg City<\/strong><\/p>\n<p><strong>30 Minutes<\/strong> from <strong>Luxembourg Airport<\/strong>[\/vc_column_text][\/vc_column][vc_column css_animation=&#8221;none&#8221; width=&#8221;2\/3&#8243;][vc_single_image image=&#8221;2213&#8243; img_size=&#8221;large&#8221;][\/vc_column][\/vc_row][vc_row content_placement=&#8221;middle&#8221;][vc_column][lab_heading title_tag=&#8221;H5&#8243; title=&#8221;PRICE\/PREIS\/PRIX&#8221; el_class=&#8221;title-stylized&#8221;][\/lab_heading][vc_column_text]<\/p>\n<h3 style=\"text-align: center;\"><strong>Prices from \/ Preise ab \/ Prix \u00e0 partir de<\/strong><\/h3>\n<p style=\"text-align: center;\"><strong>\u20ac 200,-<\/strong> \/ Night, Nacht, nuit<br \/>\n<strong>\u20ac 50,-<\/strong> \/ Breakfast for 2, Fr\u00fchst\u00fcck f\u00fcr 2, petit d\u00e9jeuner pour 2<br \/>\n<strong>Minimum 2<\/strong> Nights \/ N\u00e4chte \/ Nuits<\/p>\n<p>[\/vc_column_text][\/vc_column][\/vc_row][vc_row][vc_column][vc_column_text]<\/p>\n<p>[\/vc_column_text][\/vc_column][\/vc_row]<\/p>\n<\/div>","protected":false},"excerpt":{"rendered":"<p>[vc_row content_placement=&#8221;middle&#8221;][vc_column css_animation=&#8221;right-to-left&#8221; width=&#8221;1\/3&#8243; css=&#8221;.vc_custom_1523278009804{background-color: #f3ede4 !important;}&#8221; el_class=&#8221;contact-address&#8221;][vc_custom_heading text=&#8221;Stay at B&amp;B Um Freedebierg&#8221; use_theme_fonts=&#8221;yes&#8221;][vc_column_text]High class B&amp;B[\/vc_column_text][vc_column_text]10 Minutes from M\u00fcllerthal,\u00a0Petite Suisse 25 Minutes\u00a0from\u00a0Luxembourg City 30 Minutes from Luxembourg Airport[\/vc_column_text][\/vc_column][vc_column css_animation=&#8221;none&#8221; width=&#8221;2\/3&#8243;][vc_single_image image=&#8221;2213&#8243; img_size=&#8221;large&#8221;][\/vc_column][\/vc_row][vc_row content_placement=&#8221;middle&#8221;][vc_column][lab_heading title_tag=&#8221;H5&#8243; title=&#8221;PRICE\/PREIS\/PRIX&#8221; el_class=&#8221;title-stylized&#8221;][\/lab_heading][vc_column_text] Prices from \/ Preise ab \/ Prix \u00e0 partir de \u20ac 200,- \/ Night, Nacht, nuit \u20ac 50,- \/&hellip;<\/p>\n","protected":false},"author":1,"featured_media":0,"parent":0,"menu_order":0,"comment_status":"closed","ping_status":"closed","template":"","meta":{"_acf_changed":false,"footnotes":""},"class_list":["post-74","page","type-page","status-publish","hentry"],"acf":[],"_links":{"self":[{"href":"https:\/\/www.freedebierg.lu\/index.php?rest_route=\/wp\/v2\/pages\/74","targetHints":{"allow":["GET"]}}],"collection":[{"href":"https:\/\/www.freedebierg.lu\/index.php?rest_route=\/wp\/v2\/pages"}],"about":[{"href":"https:\/\/www.freedebierg.lu\/index.php?rest_route=\/wp\/v2\/types\/page"}],"author":[{"embeddable":true,"href":"https:\/\/www.freedebierg.lu\/index.php?rest_route=\/wp\/v2\/users\/1"}],"replies":[{"embeddable":true,"href":"https:\/\/www.freedebierg.lu\/index.php?rest_route=%2Fwp%2Fv2%2Fcomments&post=74"}],"version-history":[{"count":33,"href":"https:\/\/www.freedebierg.lu\/index.php?rest_route=\/wp\/v2\/pages\/74\/revisions"}],"predecessor-version":[{"id":2227,"href":"https:\/\/www.freedebierg.lu\/index.php?rest_route=\/wp\/v2\/pages\/74\/revisions\/2227"}],"wp:attachment":[{"href":"https:\/\/www.freedebierg.lu\/index.php?rest_route=%2Fwp%2Fv2%2Fmedia&parent=74"}],"curies":[{"name":"wp","href":"https:\/\/api.w.org\/{rel}","templated":true}]}}